{"id":11397,"date":"2025-03-07T00:49:44","date_gmt":"2025-03-07T00:49:44","guid":{"rendered":"https:\/\/istmotechnologies.com\/?post_type=product&#038;p=11397"},"modified":"2025-03-09T22:37:42","modified_gmt":"2025-03-09T22:37:42","slug":"campana-extractora-de-humo-con-ducto","status":"publish","type":"product","link":"https:\/\/istmotechnologies.com\/en\/product\/campana-extractora-de-humo-con-ducto\/","title":{"rendered":"Smoke Extractor with Duct"},"content":{"rendered":"<div class=\"flex max-w-full flex-col flex-grow\">\n<div class=\"min-h-8 text-message relative flex w-full flex-col items-end gap-2 whitespace-normal break-words text-start [.text-message+&amp;]:mt-5\" dir=\"auto\" data-message-author-role=\"assistant\" data-message-id=\"935c042d-e2b7-4584-ad12-62594ad7c1a6\" data-message-model-slug=\"gpt-4o\">\n<div class=\"flex w-full flex-col gap-1 empty:hidden first:pt-[3px]\">\n<div class=\"markdown prose w-full break-words dark:prose-invert dark\">\n<p data-start=\"426\" data-end=\"772\">La\u00a0<strong>Campana Extractora de Humos con Ducto al Exterior FH(X) BIOBASE<\/strong>\u00a0es un equipo esencial en laboratorios donde se manipulan sustancias qu\u00edmicas peligrosas. Su sistema de ventilaci\u00f3n de presi\u00f3n negativa dirige el aire contaminado hacia el ducto de extracci\u00f3n, evitando que gases, vapores t\u00f3xicos y aerosoles se propaguen en el ambiente de trabajo.<\/p>\n<p data-start=\"774\" data-end=\"1087\">Gracias a su tecnolog\u00eda avanzada, el aire contaminado es purificado mediante un filtro de carb\u00f3n activo antes de ser expulsado al exterior, minimizando el impacto ambiental. Su dise\u00f1o ergon\u00f3mico y estructura resistente a sustancias qu\u00edmicas agresivas garantizan una larga vida \u00fatil y facilidad de mantenimiento.<\/p>\n<p data-start=\"1089\" data-end=\"1126\"><strong data-start=\"1093\" data-end=\"1124\">Caracter\u00edsticas Destacadas:<\/strong><\/p>\n<p data-start=\"1127\" data-end=\"1566\">\u2714 <strong data-start=\"1129\" data-end=\"1175\">Sistema de ventilaci\u00f3n:<\/strong> Presi\u00f3n negativa que previene la propagaci\u00f3n de contaminantes. <br data-start=\"1221\" data-end=\"1224\" \/>\u2714 <strong data-start=\"1226\" data-end=\"1253\">Filtro de carb\u00f3n activo:<\/strong> Purifica el aire antes de su expulsi\u00f3n. <br data-start=\"1297\" data-end=\"1300\" \/>\u2714 <strong data-start=\"1302\" data-end=\"1348\">Dise\u00f1o ergon\u00f3mico: <\/strong>Materiales resistentes a sustancias qu\u00edmicas agresivas. <br data-start=\"1381\" data-end=\"1384\" \/>\u2714 <strong data-start=\"1386\" data-end=\"1435\">Ventilador de extracci\u00f3n: <\/strong>Potente y silencioso para un ambiente de trabajo eficiente. <br data-start=\"1474\" data-end=\"1477\" data-is-only-node=\"\" \/>\u2714 <strong data-start=\"1479\" data-end=\"1509\">Panel de control intuitivo:<\/strong> Ajustar el flujo de aire y monitorear el sistema.<\/p>\n<p data-start=\"1568\" data-end=\"1596\"><strong data-start=\"1572\" data-end=\"1594\">Beneficios Clave:<\/strong><\/p>\n<p data-start=\"1597\" data-end=\"2011\">\u2714 <strong data-start=\"1599\" data-end=\"1667\">M\u00e1xima protecci\u00f3n para el operador y el entorno del laboratorio.<\/strong><br data-start=\"1667\" data-end=\"1670\" \/>\u2714 <strong data-start=\"1672\" data-end=\"1757\">Reducci\u00f3n de contaminaci\u00f3n ambiental mediante un sistema de filtraci\u00f3n eficiente.<\/strong><br data-start=\"1757\" data-end=\"1760\" \/>\u2714 <strong data-start=\"1762\" data-end=\"1842\">Mejora de la seguridad en la manipulaci\u00f3n de sustancias qu\u00edmicas peligrosas.<\/strong><br data-start=\"1842\" data-end=\"1845\" \/>\u2714 <strong data-start=\"1847\" data-end=\"1923\">Cumplimiento de normativas internacionales de seguridad en laboratorios.<\/strong><br data-start=\"1923\" data-end=\"1926\" \/>\u2714 <strong data-start=\"1928\" data-end=\"2009\">Durabilidad y f\u00e1cil mantenimiento, con materiales resistentes a la corrosi\u00f3n.<\/strong><\/p>\n<p data-start=\"2013\" data-end=\"2225\" data-is-last-node=\"\" data-is-only-node=\"\">La <strong data-start=\"429\" data-end=\"487\">Campana Extractora de Humos con Ducto al Exterior FH(X) <\/strong>es la soluci\u00f3n ideal para laboratorios que buscan una ventilaci\u00f3n segura y eficiente, garantizando la protecci\u00f3n del personal y del medio ambiente.<\/p>\n<\/div>\n<\/div>\n<\/div>\n<\/div>\n<div class=\"mb-2 flex gap-3 -ml-2\" tabindex=\"0\">\n<div class=\"items-center justify-start rounded-xl p-1 flex\">\n<div class=\"flex items-center\"><\/div>\n<\/div>\n<\/div>\n","protected":false},"excerpt":{"rendered":"<p>The\u00a0<strong>Extractor hood with a Duct to the exterior FH(X) <\/strong>it is the ideal solution for laboratories looking for a reliable ventilation and efficient, ensuring the protection of personnel and the environment.<\/p>","protected":false},"featured_media":11398,"comment_status":"open","ping_status":"closed","template":"","meta":[],"product_brand":[75],"product_cat":[69],"product_tag":[85],"class_list":{"0":"post-11397","1":"product","2":"type-product","3":"status-publish","4":"has-post-thumbnail","6":"product_brand-biobase","7":"product_cat-laboratorio","8":"product_tag-campanas","10":"first","11":"instock","12":"shipping-taxable","13":"product-type-simple"},"_links":{"self":[{"href":"https:\/\/istmotechnologies.com\/en\/wp-json\/wp\/v2\/product\/11397","targetHints":{"allow":["GET"]}}],"collection":[{"href":"https:\/\/istmotechnologies.com\/en\/wp-json\/wp\/v2\/product"}],"about":[{"href":"https:\/\/istmotechnologies.com\/en\/wp-json\/wp\/v2\/types\/product"}],"replies":[{"embeddable":true,"href":"https:\/\/istmotechnologies.com\/en\/wp-json\/wp\/v2\/comments?post=11397"}],"wp:featuredmedia":[{"embeddable":true,"href":"https:\/\/istmotechnologies.com\/en\/wp-json\/wp\/v2\/media\/11398"}],"wp:attachment":[{"href":"https:\/\/istmotechnologies.com\/en\/wp-json\/wp\/v2\/media?parent=11397"}],"wp:term":[{"taxonomy":"product_brand","embeddable":true,"href":"https:\/\/istmotechnologies.com\/en\/wp-json\/wp\/v2\/product_brand?post=11397"},{"taxonomy":"product_cat","embeddable":true,"href":"https:\/\/istmotechnologies.com\/en\/wp-json\/wp\/v2\/product_cat?post=11397"},{"taxonomy":"product_tag","embeddable":true,"href":"https:\/\/istmotechnologies.com\/en\/wp-json\/wp\/v2\/product_tag?post=11397"}],"curies":[{"name":"wp","href":"https:\/\/api.w.org\/{rel}","templated":true}]}}