{"id":11393,"date":"2025-03-07T00:05:59","date_gmt":"2025-03-07T00:05:59","guid":{"rendered":"https:\/\/istmotechnologies.com\/?post_type=product&#038;p=11393"},"modified":"2025-03-09T22:46:29","modified_gmt":"2025-03-09T22:46:29","slug":"cabina-de-seguridad-biologica-tipo-i-biobase","status":"publish","type":"product","link":"https:\/\/istmotechnologies.com\/en\/product\/cabina-de-seguridad-biologica-tipo-i-biobase\/","title":{"rendered":"Biological Safety cabinet Type I BIOBASE"},"content":{"rendered":"<div class=\"flex max-w-full flex-col flex-grow\">\n<div class=\"min-h-8 text-message relative flex w-full flex-col items-end gap-2 whitespace-normal break-words text-start [.text-message+&amp;]:mt-5\" dir=\"auto\" data-message-author-role=\"assistant\" data-message-id=\"9c1e9c3c-6887-4757-88f7-3cc75c047c79\" data-message-model-slug=\"gpt-4o\">\n<div class=\"flex w-full flex-col gap-1 empty:hidden first:pt-[3px]\">\n<div class=\"markdown prose w-full break-words dark:prose-invert dark\">\n<p data-start=\"864\" data-end=\"1178\">Gracias a su dise\u00f1o <strong data-start=\"884\" data-end=\"907\">compacto y port\u00e1til<\/strong>, esta cabina puede colocarse en distintos entornos sin necesidad de instalaciones complejas. Es ideal para laboratorios de microbiolog\u00eda, universidades, hospitales e industrias que requieren seguridad en la manipulaci\u00f3n de agentes biol\u00f3gicos de bajo a moderado riesgo.<\/p>\n<p data-start=\"1180\" data-end=\"1217\"><strong data-start=\"1184\" data-end=\"1215\">Caracter\u00edsticas Destacadas:<\/strong><\/p>\n<p data-start=\"1218\" data-end=\"1684\">\u2714 <strong data-start=\"1220\" data-end=\"1267\">Protecci\u00f3n del usuario y del medio ambiente<\/strong> mediante flujo de aire.<br data-start=\"1328\" data-end=\"1331\" \/>\u2714 <strong data-start=\"1333\" data-end=\"1369\">Estructura ergon\u00f3mica y compacta<\/strong>, lo que facilita su ubicaci\u00f3n en cualquier laboratorio.<br data-start=\"1425\" data-end=\"1428\" \/>\u2714 <strong data-start=\"1430\" data-end=\"1462\">F\u00e1cil manejo y mantenimiento<\/strong>, con panel de control intuitivo y filtros de f\u00e1cil reemplazo. <br data-start=\"1524\" data-end=\"1527\" \/>\u2714 <strong data-start=\"1529\" data-end=\"1559\">Materiales de alta calidad<\/strong>, resistentes a la corrosi\u00f3n y de f\u00e1cil limpieza. <br data-start=\"1608\" data-end=\"1611\" data-is-only-node=\"\" \/>\u2714 <strong data-start=\"1613\" data-end=\"1644\">Dise\u00f1o eficiente y port\u00e1til<\/strong>, sin necesidad de conductos externos.<\/p>\n<p data-start=\"1686\" data-end=\"1714\"><strong data-start=\"1690\" data-end=\"1712\">Beneficios Clave:<\/strong><\/p>\n<p data-start=\"1715\" data-end=\"2211\">\u2714 <strong data-start=\"1717\" data-end=\"1754\">Mayor seguridad en el laboratorio<\/strong>, evitando la exposici\u00f3n del operador a agentes biol\u00f3gicos peligrosos. <br data-start=\"1824\" data-end=\"1827\" \/>\u2714 <strong data-start=\"1829\" data-end=\"1870\">Reducci\u00f3n del riesgo de contaminaci\u00f3n<\/strong>, gracias a su sistema de filtraci\u00f3n avanzada.<br data-start=\"2017\" data-end=\"2020\" \/>\u2714 <strong data-start=\"2022\" data-end=\"2068\">Cumplimiento de normativas internacionales<\/strong> de seguridad en laboratorios. <br data-start=\"2098\" data-end=\"2101\" data-is-only-node=\"\" \/>\u2714 <strong data-start=\"2103\" data-end=\"2126\">Versatilidad de uso<\/strong>, ideal para laboratorios cl\u00ednicos y farmac\u00e9uticos.<\/p>\n<\/div>\n<\/div>\n<\/div>\n<\/div>\n","protected":false},"excerpt":{"rendered":"<p data-start=\"29\" data-end=\"428\">The\u00a0<strong>Biological Safety cabinet Type I BIOBASE<\/strong>\u00a0it is an efficient solution for the protection of personnel and environment. This device designed with filter\u00a0<strong>HEPA<\/strong>\u00a0high-efficiency purifies the exhaust air, minimizing the risk of contamination in the laboratory.<\/p>","protected":false},"featured_media":11394,"comment_status":"open","ping_status":"closed","template":"","meta":[],"product_brand":[75],"product_cat":[69],"product_tag":[86],"class_list":{"0":"post-11393","1":"product","2":"type-product","3":"status-publish","4":"has-post-thumbnail","6":"product_brand-biobase","7":"product_cat-laboratorio","8":"product_tag-cabinas","10":"first","11":"instock","12":"shipping-taxable","13":"product-type-simple"},"_links":{"self":[{"href":"https:\/\/istmotechnologies.com\/en\/wp-json\/wp\/v2\/product\/11393","targetHints":{"allow":["GET"]}}],"collection":[{"href":"https:\/\/istmotechnologies.com\/en\/wp-json\/wp\/v2\/product"}],"about":[{"href":"https:\/\/istmotechnologies.com\/en\/wp-json\/wp\/v2\/types\/product"}],"replies":[{"embeddable":true,"href":"https:\/\/istmotechnologies.com\/en\/wp-json\/wp\/v2\/comments?post=11393"}],"wp:featuredmedia":[{"embeddable":true,"href":"https:\/\/istmotechnologies.com\/en\/wp-json\/wp\/v2\/media\/11394"}],"wp:attachment":[{"href":"https:\/\/istmotechnologies.com\/en\/wp-json\/wp\/v2\/media?parent=11393"}],"wp:term":[{"taxonomy":"product_brand","embeddable":true,"href":"https:\/\/istmotechnologies.com\/en\/wp-json\/wp\/v2\/product_brand?post=11393"},{"taxonomy":"product_cat","embeddable":true,"href":"https:\/\/istmotechnologies.com\/en\/wp-json\/wp\/v2\/product_cat?post=11393"},{"taxonomy":"product_tag","embeddable":true,"href":"https:\/\/istmotechnologies.com\/en\/wp-json\/wp\/v2\/product_tag?post=11393"}],"curies":[{"name":"wp","href":"https:\/\/api.w.org\/{rel}","templated":true}]}}