{"id":11235,"date":"2025-02-21T02:50:27","date_gmt":"2025-02-21T02:50:27","guid":{"rendered":"https:\/\/istmotechnologies.com\/?post_type=product&#038;p=11235"},"modified":"2026-04-08T10:40:17","modified_gmt":"2026-04-08T10:40:17","slug":"campanas-de-flujo-laminar-vertical-y-horizontal-biobase","status":"publish","type":"product","link":"https:\/\/istmotechnologies.com\/en\/product\/campanas-de-flujo-laminar-vertical-y-horizontal-biobase\/","title":{"rendered":"Laminar Flow cabinets Horizontal and Vertical BIOBASE"},"content":{"rendered":"<article class=\"w-full text-token-text-primary focus-visible:outline-2 focus-visible:outline-offset-[-4px]\" dir=\"auto\" data-testid=\"conversation-turn-205\" data-scroll-anchor=\"true\">\n<div class=\"m-auto text-base py-[18px] px-6\">\n<div class=\"mx-auto flex flex-1 text-base gap-4 md:gap-5 lg:gap-6 md:max-w-3xl lg:max-w-[40rem] xl:max-w-[48rem]\">\n<div class=\"group\/conversation-turn relative flex w-full min-w-0 flex-col agent-turn @xs\/thread:px-0 @sm\/thread:px-1.5 @md\/thread:px-4\">\n<div class=\"flex-col gap-1 md:gap-3\">\n<div class=\"flex max-w-full flex-col flex-grow\">\n<div class=\"min-h-8 text-message flex w-full flex-col items-end gap-2 whitespace-normal break-words text-start [.text-message+&amp;]:mt-5\" dir=\"auto\" data-message-author-role=\"assistant\" data-message-id=\"578f4805-2a8f-4a37-95d1-ec8af92af8e5\" data-message-model-slug=\"gpt-4o\">\n<div class=\"flex w-full flex-col gap-1 empty:hidden first:pt-[3px]\">\n<div class=\"markdown prose w-full break-words dark:prose-invert dark\">\n<p data-start=\"484\" data-end=\"916\">Las <strong data-start=\"488\" data-end=\"547\">Campanas de Flujo Laminar Vertical y Horizontal BIOBASE<\/strong> est\u00e1n dise\u00f1adas para ofrecer una <strong data-start=\"581\" data-end=\"608\">zona de trabajo est\u00e9ril<\/strong> mediante un flujo de aire unidireccional, garantizando la <strong data-start=\"667\" data-end=\"714\">protecci\u00f3n de muestras y procesos sensibles<\/strong> en laboratorios, hospitales y centros de producci\u00f3n. Su tecnolog\u00eda avanzada proporciona un ambiente controlado para aplicaciones que requieren <strong data-start=\"858\" data-end=\"915\">altos est\u00e1ndares de pureza y seguridad microbiol\u00f3gica<\/strong>.<\/p>\n<h3 data-start=\"918\" data-end=\"940\"><\/h3>\n<p data-start=\"918\" data-end=\"940\"><strong data-start=\"922\" data-end=\"938\">Aplicaciones<\/strong><\/p>\n<p data-start=\"941\" data-end=\"1423\">\u2714 <strong data-start=\"943\" data-end=\"975\">Cultivo de tejidos vegetales: <\/strong>Proporciona un entorno libre de contaminantes para el desarrollo celular.<br data-start=\"1051\" data-end=\"1054\" \/>\u2714 <strong data-start=\"1056\" data-end=\"1091\">Preparaci\u00f3n de placas de medios: <\/strong>Asegura condiciones as\u00e9pticas en la manipulaci\u00f3n de medios de cultivo.<br data-start=\"1164\" data-end=\"1167\" \/>\u2714 <strong data-start=\"1169\" data-end=\"1211\">Inspecci\u00f3n de componentes electr\u00f3nicos: <\/strong>Minimiza la presencia de part\u00edculas en la evaluaci\u00f3n de circuitos y semiconductores.<br data-start=\"1298\" data-end=\"1301\" \/>\u2714 <strong data-start=\"1303\" data-end=\"1341\">Ensamblaje de dispositivos m\u00e9dicos: <\/strong>Mantiene la esterilidad en la fabricaci\u00f3n de instrumental y equipos de salud.<\/p>\n<p data-start=\"1425\" data-end=\"1461\"><strong data-start=\"1429\" data-end=\"1459\">Caracter\u00edsticas Destacadas<\/strong><\/p>\n<p data-start=\"1462\" data-end=\"1998\">\u2714 <strong data-start=\"1464\" data-end=\"1498\">Dise\u00f1o ergon\u00f3mico y funcional:<\/strong> Panel de control inclinado y centrado para un acceso intuitivo.<br data-start=\"1562\" data-end=\"1565\" \/>\u2714 <strong data-start=\"1567\" data-end=\"1612\">Superficie de acero inoxidable cepillado:<\/strong> Facilita la limpieza y el mantenimiento.<br data-start=\"1653\" data-end=\"1656\" \/>\u2714 <strong data-start=\"1658\" data-end=\"1685\">Iluminaci\u00f3n optimizada:<\/strong> Dise\u00f1o de luz no directa que reduce la fatiga visual del operador.<br data-start=\"1752\" data-end=\"1755\" \/>\u2714 <strong data-start=\"1757\" data-end=\"1805\">Pantalla LCD con control de microprocesador:<\/strong> Permite monitorear vida \u00fatil del filtro HEPA, l\u00e1mpara UV y otras funciones esenciales.<br data-start=\"1892\" data-end=\"1895\" \/>\u2714 <strong data-start=\"1897\" data-end=\"1930\">Flujo de aire unidireccional:<\/strong> Garantiza un ambiente libre de part\u00edculas para procesos cr\u00edticos.<\/p>\n<p data-start=\"2000\" data-end=\"2027\"><strong data-start=\"2004\" data-end=\"2025\">Beneficios Claves<\/strong><\/p>\n<p data-start=\"2028\" data-end=\"2547\">\u2714 <strong data-start=\"2030\" data-end=\"2056\">Ambiente 100% est\u00e9ril:<\/strong> Evita contaminaci\u00f3n microbiol\u00f3gica en procedimientos sensibles.<br data-start=\"2120\" data-end=\"2123\" \/>\u2714 <strong data-start=\"2125\" data-end=\"2162\">Mayor seguridad para el operador:<\/strong> Cristales templados resistentes a rayos UV y enclavamiento de seguridad.<br data-start=\"2235\" data-end=\"2238\" \/>\u2714 <strong data-start=\"2240\" data-end=\"2267\">Eficiencia y precisi\u00f3n:<\/strong> Control intuitivo para ajustes r\u00e1pidos y seguimiento en tiempo real.<br data-start=\"2336\" data-end=\"2339\" \/>\u2714 <strong data-start=\"2341\" data-end=\"2381\">Reducci\u00f3n de riesgos en laboratorio:<\/strong> Esterilizaci\u00f3n con luz UV y temporizador programable.<br data-start=\"2435\" data-end=\"2438\" \/>\u2714 <strong data-start=\"2440\" data-end=\"2473\">Versatilidad en aplicaciones:<\/strong> Adaptable a distintos sectores como biotecnolog\u00eda, salud y electr\u00f3nica.<\/p>\n<p data-start=\"2549\" data-end=\"2752\" data-is-last-node=\"\" data-is-only-node=\"\">Las <strong data-start=\"2553\" data-end=\"2590\">Campanas de Flujo Laminar BIOBASE<\/strong> combinan <strong data-start=\"2600\" data-end=\"2643\">tecnolog\u00eda avanzada y dise\u00f1o ergon\u00f3mico<\/strong> para proporcionar una soluci\u00f3n confiable y segura en entornos que requieren estrictas condiciones de pureza.<\/p>\n<\/div>\n<\/div>\n<\/div>\n<\/div>\n<\/div>\n<\/div>\n<\/div>\n<\/div>\n<\/article>\n<div class=\"pointer-events-none h-px w-px\" aria-hidden=\"true\" data-edge=\"true\"><\/div>\n","protected":false},"excerpt":{"rendered":"<p>The <strong data-start=\"32\" data-end=\"91\">Laminar Flow cabinets Horizontal and Vertical BIOBASE<\/strong> provide a work environment that is sterile and safe by using purified air in unidirectional flow. Ideal for <strong data-start=\"208\" data-end=\"290\">tissue culture, media preparation and assembly of medical devices<\/strong>these cabins offer <strong data-start=\"314\" data-end=\"374\">precise control, improved ergonomics and advanced security<\/strong>ensuring optimal conditions in laboratories and industrial environments.<\/p>","protected":false},"featured_media":11236,"comment_status":"open","ping_status":"closed","template":"","meta":[],"product_brand":[75],"product_cat":[69],"product_tag":[85],"class_list":{"0":"post-11235","1":"product","2":"type-product","3":"status-publish","4":"has-post-thumbnail","6":"product_brand-biobase","7":"product_cat-laboratorio","8":"product_tag-campanas","10":"first","11":"instock","12":"shipping-taxable","13":"product-type-simple"},"_links":{"self":[{"href":"https:\/\/istmotechnologies.com\/en\/wp-json\/wp\/v2\/product\/11235","targetHints":{"allow":["GET"]}}],"collection":[{"href":"https:\/\/istmotechnologies.com\/en\/wp-json\/wp\/v2\/product"}],"about":[{"href":"https:\/\/istmotechnologies.com\/en\/wp-json\/wp\/v2\/types\/product"}],"replies":[{"embeddable":true,"href":"https:\/\/istmotechnologies.com\/en\/wp-json\/wp\/v2\/comments?post=11235"}],"wp:featuredmedia":[{"embeddable":true,"href":"https:\/\/istmotechnologies.com\/en\/wp-json\/wp\/v2\/media\/11236"}],"wp:attachment":[{"href":"https:\/\/istmotechnologies.com\/en\/wp-json\/wp\/v2\/media?parent=11235"}],"wp:term":[{"taxonomy":"product_brand","embeddable":true,"href":"https:\/\/istmotechnologies.com\/en\/wp-json\/wp\/v2\/product_brand?post=11235"},{"taxonomy":"product_cat","embeddable":true,"href":"https:\/\/istmotechnologies.com\/en\/wp-json\/wp\/v2\/product_cat?post=11235"},{"taxonomy":"product_tag","embeddable":true,"href":"https:\/\/istmotechnologies.com\/en\/wp-json\/wp\/v2\/product_tag?post=11235"}],"curies":[{"name":"wp","href":"https:\/\/api.w.org\/{rel}","templated":true}]}}