{"id":11207,"date":"2025-02-20T04:36:24","date_gmt":"2025-02-20T04:36:24","guid":{"rendered":"https:\/\/istmotechnologies.com\/?post_type=product&#038;p=11207"},"modified":"2025-04-18T18:59:28","modified_gmt":"2025-04-18T18:59:28","slug":"recipientes-para-calostro-y-muestras-de-leche","status":"publish","type":"product","link":"https:\/\/istmotechnologies.com\/en\/product\/recipientes-para-calostro-y-muestras-de-leche\/","title":{"rendered":"Containers for Colostrum and Milk Samples"},"content":{"rendered":"<div class=\"flex max-w-full flex-col flex-grow\">\n<div class=\"min-h-8 text-message flex w-full flex-col items-end gap-2 whitespace-normal break-words text-start [.text-message+&amp;]:mt-5\" dir=\"auto\" data-message-author-role=\"assistant\" data-message-id=\"9525751a-1db8-4b61-b4b0-c47cfb4d0876\" data-message-model-slug=\"gpt-4o\">\n<div class=\"flex w-full flex-col gap-1 empty:hidden first:pt-[3px]\">\n<div class=\"markdown prose w-full break-words dark:prose-invert dark\">\n<p data-start=\"305\" data-end=\"694\">Los <strong data-start=\"334\" data-end=\"393\">Recipientes para Calostro y Muestras de Leche <\/strong>han sido dise\u00f1ados para optimizar la recolecci\u00f3n y almacenamiento del calostro y leche materna, garantizando un proceso eficiente y seguro. Con una capacidad de 20 ml, su dise\u00f1o ergon\u00f3mico facilita la extracci\u00f3n y visualizaci\u00f3n del volumen recolectado, motivando a la madre durante la alimentaci\u00f3n.<\/p>\n<\/div>\n<\/div>\n<\/div>\n<p data-start=\"305\" data-end=\"694\"><strong>Caracter\u00edsticas destacadas:<\/strong><\/p>\n<div class=\"min-h-8 text-message flex w-full flex-col items-end gap-2 whitespace-normal break-words text-start [.text-message+&amp;]:mt-5\" dir=\"auto\" data-message-author-role=\"assistant\" data-message-id=\"9525751a-1db8-4b61-b4b0-c47cfb4d0876\" data-message-model-slug=\"gpt-4o\">\n<div class=\"flex w-full flex-col gap-1 empty:hidden first:pt-[3px]\">\n<div class=\"markdown prose w-full break-words dark:prose-invert dark\">\n<p data-start=\"696\" data-end=\"1285\">\u2714 <strong data-start=\"698\" data-end=\"733\">Boca ancha y dise\u00f1o ergon\u00f3mico:<\/strong> Facilita la captura de cada gota de calostro durante la extracci\u00f3n manual.<br data-start=\"808\" data-end=\"811\" \/>\u2714 <strong data-start=\"813\" data-end=\"848\">Cuerpo estrecho y transparente:<\/strong> Permite visualizar f\u00e1cilmente la cantidad de leche recolectada, brindando confianza a la madre.<br data-start=\"944\" data-end=\"947\" \/>\u2714 <strong data-start=\"949\" data-end=\"978\">Base curva especializada:<\/strong> Facilita la extracci\u00f3n del calostro con una jeringa para una alimentaci\u00f3n m\u00e1s precisa y segura.<br data-start=\"1074\" data-end=\"1077\" \/>\u2714 <strong data-start=\"1079\" data-end=\"1114\">Material seguro y libre de BPA:<\/strong> Asegura la conservaci\u00f3n de la leche sin alteraciones.<br data-start=\"1168\" data-end=\"1171\" \/>\u2714 <strong data-start=\"1173\" data-end=\"1196\">Capacidad de 20 ml:<\/strong> Ideal para recolecci\u00f3n de peque\u00f1as cantidades de calostro y muestras de leche materna.<\/p>\n<p data-start=\"1287\" data-end=\"1501\" data-is-last-node=\"\">\n<p data-start=\"1287\" data-end=\"1501\" data-is-last-node=\"\">Los <strong data-start=\"1291\" data-end=\"1350\">Recipientes para Calostro y Muestras de Leche <\/strong>\u00a0son una soluci\u00f3n confiable y eficiente para la recolecci\u00f3n y administraci\u00f3n de leche materna, ayudando a maximizar cada gota de este valioso alimento.<\/p>\n<\/div>\n<p data-start=\"1287\" data-end=\"1501\" data-is-last-node=\"\">\n<p data-start=\"1287\" data-end=\"1501\" data-is-last-node=\"\">\n<p data-start=\"1287\" data-end=\"1501\" data-is-last-node=\"\"><strong><a href=\"https:\/\/sterifeed.com\/catalog\/collostrum-collection\/\">\u00a1Conoce m\u00e1s sobre los Recipientes para Calostro y Muestras de Leche STERIFEED aqu\u00ed!<\/a><\/strong><\/p>\n<\/div>\n<\/div>\n<\/div>\n<div class=\"mb-2 flex gap-3 empty:hidden -ml-2\">\n<div class=\"items-center justify-start rounded-xl p-1 flex\">\n<div class=\"flex items-center\"><\/div>\n<\/div>\n<\/div>\n","protected":false},"excerpt":{"rendered":"<p>The <strong data-start=\"29\" data-end=\"88\">Containers for colostrum and milk samples <\/strong>\u00a0facilitate the efficient collection of every drop of colostrum, thanks to its design, wide-mouth and narrow-body. Its curved base allows for the extraction of a simple syringe to a food safe, and effective.<\/p>","protected":false},"featured_media":11208,"comment_status":"open","ping_status":"closed","template":"","meta":[],"product_brand":[74],"product_cat":[67],"product_tag":[80],"class_list":{"0":"post-11207","1":"product","2":"type-product","3":"status-publish","4":"has-post-thumbnail","6":"product_brand-sterifeed","7":"product_cat-bancos-de-leche-humana","8":"product_tag-recipientes","10":"first","11":"instock","12":"shipping-taxable","13":"product-type-simple"},"_links":{"self":[{"href":"https:\/\/istmotechnologies.com\/en\/wp-json\/wp\/v2\/product\/11207","targetHints":{"allow":["GET"]}}],"collection":[{"href":"https:\/\/istmotechnologies.com\/en\/wp-json\/wp\/v2\/product"}],"about":[{"href":"https:\/\/istmotechnologies.com\/en\/wp-json\/wp\/v2\/types\/product"}],"replies":[{"embeddable":true,"href":"https:\/\/istmotechnologies.com\/en\/wp-json\/wp\/v2\/comments?post=11207"}],"wp:featuredmedia":[{"embeddable":true,"href":"https:\/\/istmotechnologies.com\/en\/wp-json\/wp\/v2\/media\/11208"}],"wp:attachment":[{"href":"https:\/\/istmotechnologies.com\/en\/wp-json\/wp\/v2\/media?parent=11207"}],"wp:term":[{"taxonomy":"product_brand","embeddable":true,"href":"https:\/\/istmotechnologies.com\/en\/wp-json\/wp\/v2\/product_brand?post=11207"},{"taxonomy":"product_cat","embeddable":true,"href":"https:\/\/istmotechnologies.com\/en\/wp-json\/wp\/v2\/product_cat?post=11207"},{"taxonomy":"product_tag","embeddable":true,"href":"https:\/\/istmotechnologies.com\/en\/wp-json\/wp\/v2\/product_tag?post=11207"}],"curies":[{"name":"wp","href":"https:\/\/api.w.org\/{rel}","templated":true}]}}