{"id":11202,"date":"2025-02-20T01:13:27","date_gmt":"2025-02-20T01:13:27","guid":{"rendered":"https:\/\/istmotechnologies.com\/?post_type=product&#038;p=11202"},"modified":"2025-04-18T18:44:33","modified_gmt":"2025-04-18T18:44:33","slug":"biberones-de-polipropileno-reusables","status":"publish","type":"product","link":"https:\/\/istmotechnologies.com\/en\/product\/biberones-de-polipropileno-reusables\/","title":{"rendered":"Bottles of Polypropylene Reusable"},"content":{"rendered":"<div class=\"flex max-w-full flex-col flex-grow\">\n<div class=\"min-h-8 text-message flex w-full flex-col items-end gap-2 whitespace-normal break-words text-start [.text-message+&amp;]:mt-5\" dir=\"auto\" data-message-author-role=\"assistant\" data-message-id=\"c445a93f-9c87-4859-9c76-b1a0060fa5bb\" data-message-model-slug=\"gpt-4o\">\n<div class=\"flex w-full flex-col gap-1 empty:hidden first:pt-[3px]\">\n<div class=\"markdown prose w-full break-words dark:prose-invert dark\">\n<p data-start=\"209\" data-end=\"588\">Los <strong data-start=\"238\" data-end=\"295\">biberones de polipropileno reutilizables <\/strong>\u00a0est\u00e1n fabricados con material de <strong data-start=\"329\" data-end=\"370\">grado alimenticio aprobado por la FDA<\/strong>, garantizando la m\u00e1xima seguridad para la alimentaci\u00f3n del beb\u00e9. Su dise\u00f1o libre de <strong data-start=\"455\" data-end=\"484\">BPA, BPS, DEHP y ftalatos<\/strong> los convierte en una opci\u00f3n confiable para el almacenamiento y suministro de leche materna o f\u00f3rmula.<\/p>\n<p data-start=\"590\" data-end=\"1299\"><strong>Caracter\u00edsticas destacadas:<\/strong><\/p>\n<p data-start=\"590\" data-end=\"1299\">\u2714 <strong data-start=\"592\" data-end=\"612\">Material seguro:<\/strong> Fabricados con polipropileno clarificado de grado alimenticio, garantizando la seguridad en cada toma.<br data-start=\"715\" data-end=\"718\" \/>\u2714 <strong data-start=\"720\" data-end=\"751\">Libres de qu\u00edmicos nocivos:<\/strong> 100% libres de BPA, BPS y ftalatos, eliminando cualquier riesgo de filtraci\u00f3n de sustancias no deseadas.<br data-start=\"856\" data-end=\"859\" \/>\u2714 <strong data-start=\"861\" data-end=\"887\">Opciones de capacidad:<\/strong> Disponibles en presentaciones de 125 ml y 250 ml para adaptarse a diferentes necesidades.<br data-start=\"977\" data-end=\"980\" \/>\u2714 <strong data-start=\"982\" data-end=\"1013\">Reutilizables y ecol\u00f3gicos:<\/strong> Se pueden reciclar, incinerar o depositar en vertederos sin riesgo ambiental.<br data-start=\"1091\" data-end=\"1094\" \/>\u2714 <strong data-start=\"1096\" data-end=\"1114\">Tapa incluida:<\/strong> Todos los biberones cuentan con tapa ciega para mayor higiene y conservaci\u00f3n.<br data-start=\"1192\" data-end=\"1195\" \/>\u2714 <strong data-start=\"1197\" data-end=\"1230\">Dise\u00f1o resistente y duradero:<\/strong> Aptos para m\u00faltiples usos sin comprometer la calidad del material.<\/p>\n<p data-start=\"1301\" data-end=\"1503\" data-is-last-node=\"\">\n<p data-start=\"1301\" data-end=\"1503\" data-is-last-node=\"\">Los <strong>Biberones Reutilizables de Polipropileno <\/strong>representan una alternativa segura, pr\u00e1ctica y sostenible para la alimentaci\u00f3n infantil, combinando funcionalidad y protecci\u00f3n en cada detalle.<\/p>\n<p data-start=\"1301\" data-end=\"1503\" data-is-last-node=\"\">\n<\/div>\n<p data-start=\"1301\" data-end=\"1503\" data-is-last-node=\"\"><strong><a href=\"https:\/\/sterifeed.com\/catalog\/reusable-baby-bottles\/\">\u00a1Conoce m\u00e1s sobre los Biberones de Polipropileno Reusables STERIFEED aqu\u00ed!<\/a><\/strong><\/p>\n<\/div>\n<\/div>\n<\/div>\n<div class=\"mb-2 flex gap-3 empty:hidden -ml-2\">\n<div class=\"items-center justify-start rounded-xl p-1 flex\">\n<div class=\"flex items-center\"><\/div>\n<\/div>\n<\/div>\n","protected":false},"excerpt":{"rendered":"<p>Bottles reusable polypropylene food grade, 100% free of BPA, BPS and phthalates. Available in 125 ml and 250 ml, including cover for greater safety and hygiene.<\/p>","protected":false},"featured_media":11203,"comment_status":"open","ping_status":"closed","template":"","meta":[],"product_brand":[74],"product_cat":[67],"product_tag":[78],"class_list":{"0":"post-11202","1":"product","2":"type-product","3":"status-publish","4":"has-post-thumbnail","6":"product_brand-sterifeed","7":"product_cat-bancos-de-leche-humana","8":"product_tag-biberones","10":"first","11":"instock","12":"shipping-taxable","13":"product-type-simple"},"_links":{"self":[{"href":"https:\/\/istmotechnologies.com\/en\/wp-json\/wp\/v2\/product\/11202","targetHints":{"allow":["GET"]}}],"collection":[{"href":"https:\/\/istmotechnologies.com\/en\/wp-json\/wp\/v2\/product"}],"about":[{"href":"https:\/\/istmotechnologies.com\/en\/wp-json\/wp\/v2\/types\/product"}],"replies":[{"embeddable":true,"href":"https:\/\/istmotechnologies.com\/en\/wp-json\/wp\/v2\/comments?post=11202"}],"wp:featuredmedia":[{"embeddable":true,"href":"https:\/\/istmotechnologies.com\/en\/wp-json\/wp\/v2\/media\/11203"}],"wp:attachment":[{"href":"https:\/\/istmotechnologies.com\/en\/wp-json\/wp\/v2\/media?parent=11202"}],"wp:term":[{"taxonomy":"product_brand","embeddable":true,"href":"https:\/\/istmotechnologies.com\/en\/wp-json\/wp\/v2\/product_brand?post=11202"},{"taxonomy":"product_cat","embeddable":true,"href":"https:\/\/istmotechnologies.com\/en\/wp-json\/wp\/v2\/product_cat?post=11202"},{"taxonomy":"product_tag","embeddable":true,"href":"https:\/\/istmotechnologies.com\/en\/wp-json\/wp\/v2\/product_tag?post=11202"}],"curies":[{"name":"wp","href":"https:\/\/api.w.org\/{rel}","templated":true}]}}