{"id":11177,"date":"2025-02-19T05:31:38","date_gmt":"2025-02-19T05:31:38","guid":{"rendered":"https:\/\/istmotechnologies.com\/?post_type=product&#038;p=11177"},"modified":"2025-04-22T19:12:59","modified_gmt":"2025-04-22T19:12:59","slug":"sistema-analizador-de-leche-humana-miris-hma","status":"publish","type":"product","link":"https:\/\/istmotechnologies.com\/en\/product\/sistema-analizador-de-leche-humana-miris-hma\/","title":{"rendered":"MIRIS HMA Human Milk Analyzer System"},"content":{"rendered":"<div class=\"flex max-w-full flex-col flex-grow\">\n<div class=\"min-h-8 text-message flex w-full flex-col items-end gap-2 whitespace-normal break-words text-start [.text-message+&amp;]:mt-5\" dir=\"auto\" data-message-author-role=\"assistant\" data-message-id=\"cc04d76c-8472-4bc5-99a1-abb4c02fe695\" data-message-model-slug=\"gpt-4o\">\n<div class=\"flex w-full flex-col gap-1 empty:hidden first:pt-[3px]\">\n<div class=\"markdown prose w-full break-words dark:prose-invert dark\">\n<p data-start=\"1514\" data-end=\"1701\" data-is-last-node=\"\">El<strong> <span class=\"cf0\">Sistema Analizador de Leche Humana MIRIS HMA <\/span><\/strong>es la herramienta m\u00e1s completa y eficiente para garantizar una nutrici\u00f3n precisa y personalizada en unidades de neonatolog\u00eda y bancos de leche.<\/p>\n<p><iframe title=\"Installing the Miris HMA (v01)\" width=\"1200\" height=\"675\" src=\"https:\/\/www.youtube.com\/embed\/Jy49EAlV1IY?feature=oembed\" frameborder=\"0\" allow=\"accelerometer; autoplay; clipboard-write; encrypted-media; gyroscope; picture-in-picture; web-share\" referrerpolicy=\"strict-origin-when-cross-origin\" allowfullscreen><\/iframe><\/p>\n<\/div>\n<p>&nbsp;<\/p>\n<p class=\"pf0\"><span class=\"cf0\">El <strong>Sistema Analizador de Leche Humana MIRIS <\/strong><strong>HMA<\/strong> incluye:\u00a0<\/span><\/p>\n<p class=\"pf0\">\u2714<strong><span class=\"cf0\">Calentador de muestras por calor seco<\/span><\/strong><span class=\"cf1\"><strong>:<\/strong> Sistema sin agua que calienta la leche a la temperatura \u00f3ptima para el an\u00e1lisis, evitando contaminaci\u00f3n.<\/span><br data-start=\"1248\" data-end=\"1251\" \/>\u2714<strong><span class=\"cf0\">Homogeneizador ultras\u00f3nico<\/span><\/strong><span class=\"cf1\"><strong>:<\/strong> Homogeneiza la leche mediante cavitaci\u00f3n ultras\u00f3nica, asegurando uniformidad en la muestra y precisi\u00f3n en los resultados.<\/span><br data-start=\"1342\" data-end=\"1345\" \/>\u2714<strong><span class=\"cf0\">Analizador<\/span><\/strong><span class=\"cf1\"><strong>:<\/strong> Equipo que realiza el an\u00e1lisis de la muestra de leche guardando los resultados en su memoria interna . Capacidad hasta 1000 muestras.<\/span><br data-start=\"1420\" data-end=\"1423\" \/>\u2714<strong><span class=\"cf0\">Impresora T\u00e9rmica<\/span><\/strong><span class=\"cf1\"><strong>:<\/strong> Especializada para \u00a0imprimir autom\u00e1ticamente los resultados del an\u00e1lisis con total precisi\u00f3n y claridad.<\/span><\/p>\n<p>&nbsp;<\/p>\n<p data-start=\"732\" data-end=\"1148\"><strong>Beneficios Clave:\u00a0<\/strong><\/p>\n<p data-start=\"732\" data-end=\"1148\">\u2714 <strong data-start=\"2\" data-end=\"31\">An\u00e1lisis r\u00e1pido y preciso<\/strong> <strong>para la optimizaci\u00f3n nutricional neonatal.<\/strong><br data-start=\"74\" data-end=\"77\" \/><strong>\u2714 Sistema completo e integrado para mejorar la eficiencia en laboratorios y hospitales.<\/strong><br data-start=\"168\" data-end=\"171\" \/><strong>\u2714 Tecnolog\u00eda avanzada que garantiza mediciones confiables y repetibles.<\/strong><br data-start=\"246\" data-end=\"249\" \/><strong>\u2714 Facilita la fortificaci\u00f3n de la leche materna seg\u00fan las necesidades del paciente.<\/strong><\/p>\n<\/div>\n<div class=\"flex w-full flex-col gap-1 empty:hidden first:pt-[3px]\">\n<p>&nbsp;<\/p>\n<p class=\"pf0\"><span class=\"cf1\">El <\/span><strong><span class=\"cf1\">Sistema Analizador de Leche Humana MIRIS HMA<\/span><span class=\"cf0\">, <\/span><\/strong><span class=\"cf1\">es la herramienta m\u00e1s completa y eficiente para garantizar una nutrici\u00f3n precisa y personalizada en unidades de neonatolog\u00eda y bancos de leche.<\/span><\/p>\n<p>&nbsp;<\/p>\n<\/div>\n<\/div>\n<\/div>\n<div class=\"mb-2 flex gap-3 empty:hidden -ml-2\">\n<div class=\"items-center justify-start rounded-xl p-1 flex\">\n<div class=\"flex items-center\">\n<div class=\"flex items-center pb-0\"><strong><a href=\"https:\/\/www.mirissolutions.com\/our-products\" target=\"_blank\" rel=\"noopener\">\u00a1Conoce m\u00e1s sobre el Sistema Analizador de Leche Humana MIRIS HMA aqu\u00ed!<\/a><\/strong><\/div>\n<\/div>\n<\/div>\n<\/div>\n","protected":false},"excerpt":{"rendered":"<p>The <strong>Analyzer system of Human Milk MIRIS<\/strong> <strong>HMA <\/strong>includes <strong data-start=\"109\" data-end=\"183\">Heater samples by dry heat<\/strong><strong data-start=\"109\" data-end=\"183\">, <span class=\"cf0\">processor ultrasonic analyzer samples and thermal printer.<\/span><\/strong><span class=\"cf0\">\u00a0<\/span><span class=\"cf0\">The<strong> MIRIS HMA Human Milk Analyzer System<\/strong><\/span><span class=\"cf1\"> measures the content of energy, fat, carbohydrates and proteins of human milk, which allows physicians to tailor the fortification to the actual content of macronutrients from the milk according to the nutritional needs of each infant.<\/span><\/p>\n<p><!--StartFragment --><\/p>\n<p><!--EndFragment --><\/p>","protected":false},"featured_media":11180,"comment_status":"open","ping_status":"closed","template":"","meta":[],"product_brand":[73],"product_cat":[67],"product_tag":[17,23],"class_list":{"0":"post-11177","1":"product","2":"type-product","3":"status-publish","4":"has-post-thumbnail","6":"product_brand-miris","7":"product_cat-bancos-de-leche-humana","8":"product_tag-analisis","9":"product_tag-datos","11":"first","12":"instock","13":"shipping-taxable","14":"product-type-simple"},"_links":{"self":[{"href":"https:\/\/istmotechnologies.com\/en\/wp-json\/wp\/v2\/product\/11177","targetHints":{"allow":["GET"]}}],"collection":[{"href":"https:\/\/istmotechnologies.com\/en\/wp-json\/wp\/v2\/product"}],"about":[{"href":"https:\/\/istmotechnologies.com\/en\/wp-json\/wp\/v2\/types\/product"}],"replies":[{"embeddable":true,"href":"https:\/\/istmotechnologies.com\/en\/wp-json\/wp\/v2\/comments?post=11177"}],"wp:featuredmedia":[{"embeddable":true,"href":"https:\/\/istmotechnologies.com\/en\/wp-json\/wp\/v2\/media\/11180"}],"wp:attachment":[{"href":"https:\/\/istmotechnologies.com\/en\/wp-json\/wp\/v2\/media?parent=11177"}],"wp:term":[{"taxonomy":"product_brand","embeddable":true,"href":"https:\/\/istmotechnologies.com\/en\/wp-json\/wp\/v2\/product_brand?post=11177"},{"taxonomy":"product_cat","embeddable":true,"href":"https:\/\/istmotechnologies.com\/en\/wp-json\/wp\/v2\/product_cat?post=11177"},{"taxonomy":"product_tag","embeddable":true,"href":"https:\/\/istmotechnologies.com\/en\/wp-json\/wp\/v2\/product_tag?post=11177"}],"curies":[{"name":"wp","href":"https:\/\/api.w.org\/{rel}","templated":true}]}}